{"id":387760,"date":"2025-01-05T16:11:50","date_gmt":"2025-01-05T15:11:50","guid":{"rendered":"https:\/\/gimini.it\/?page_id=387760"},"modified":"2026-01-12T09:48:22","modified_gmt":"2026-01-12T08:48:22","slug":"impronta","status":"publish","type":"page","link":"https:\/\/suedtiroldesign.com\/it\/impressum\/","title":{"rendered":"Note legali"},"content":{"rendered":"<p>[et_pb_section fb_built=&#8220;1&#8243; _builder_version=&#8220;4.27.4&#8243; _module_preset=&#8220;default&#8220; custom_padding=&#8220;2px|||||&#8220; global_colors_info=&#8220;{}&#8220;][et_pb_row _builder_version=&#8220;4.27.4&#8243; _module_preset=&#8220;default&#8220; global_colors_info=&#8220;{}&#8220;][et_pb_column type=&#8220;4_4&#8243; _builder_version=&#8220;4.27.4&#8243; _module_preset=&#8220;default&#8220; global_colors_info=&#8220;{}&#8220;][et_pb_text _builder_version=&#8220;4.27.4&#8243; _module_preset=&#8220;default&#8220; link_text_color=&#8220;#FC5E07&#8243; global_colors_info=&#8220;{}&#8220;]<\/p>\n<h1>\u00a0<\/h1>\n<h1>Impressum<\/h1>\n<h2>Herausgeberin<\/h2>\n<p><strong><br \/>Angelika Sch\u00f6nweger<\/strong><\/p>\n<p>S\u00fcdtiroldesign der Angelika Sch\u00f6nweger<br \/>Tr\u00f6gerstra\u00dfe 3\/B<br \/>I &#8211; 39025 Naturns (BZ)<\/p>\n<p><strong>Mobil &amp; Whatsapp<\/strong><br \/><a href=\"tel:+39331445576\">(+39) 331 4455 766<\/a><\/p>\n<p><b>Telefon<br \/><\/b><a href=\"tel:+390473476666\">(+39) 0473 476 666<\/a><\/p>\n<p><strong>E-Mail<\/strong><br \/><a href=\"mailto:info@suedtiroldesign.com\">info@suedtiroldesign.com<\/a><br \/><strong>PEC<\/strong><br \/><a href=\"mailto:schoenweger@pec.it\">schoenweger@pec.it<\/a><\/p>\n<p><strong>MwSt.Nr.\/Part.IVA:<\/strong> IT03052800210<br \/><strong>Steuernummer:<\/strong> SCHNLK74H68F132E<br \/><strong>Empf\u00e4ngerkodex:<\/strong> T9K4ZHO<\/p>\n<p>&nbsp;<\/p>\n<h3>Haftung f\u00fcr Inhalte<\/h3>\n<p>Ich bin f\u00fcr eigene Inhalte auf diesen Seiten nach den allgemeinen Gesetzen verantwortlich, bin jedoch nicht verpflichtet, \u00fcbermittelte oder gespeicherte fremde Informationen zu \u00fcberwachen oder nach Umst\u00e4nden zu forschen, die auf eine rechtswidrige T\u00e4tigkeit hinweisen.<\/p>\n<p>Verpflichtungen zur Entfernung oder Sperrung der Nutzung von Informationen nach den allgemeinen Gesetzen bleiben hiervon unber\u00fchrt. Eine diesbez\u00fcgliche Haftung ist jedoch erst ab dem Zeitpunkt der Kenntnis einer konkreten Rechtsverletzung m\u00f6glich. Bei Bekanntwerden von entsprechenden Rechtsverletzungen werde ich diese Inhalte umgehend entfernen.<\/p>\n<h3>Haftung f\u00fcr Links<\/h3>\n<p>Mein Angebot enth\u00e4lt Links zu externen Websites Dritter, auf deren Inhalte ich keinen Einfluss haben. Deshalb kann ich f\u00fcr diese fremden Inhalte auch keine Gew\u00e4hr \u00fcbernehmen. F\u00fcr die Inhalte der verlinkten Seiten ist stets der jeweilige Anbieter oder Betreiber der Seiten verantwortlich. Die verlinkten Seiten wurden zum Zeitpunkt der Verlinkung auf m\u00f6gliche Rechtsverst\u00f6\u00dfe \u00fcberpr\u00fcft. Rechtswidrige Inhalte waren zum Zeitpunkt der Verlinkung nicht erkennbar.<\/p>\n<p>Eine permanente inhaltliche Kontrolle der verlinkten Seiten ist jedoch ohne konkrete Anhaltspunkte einer Rechtsverletzung nicht zumutbar. Bei Bekanntwerden von Rechtsverletzungen werde ich derartige Links umgehend entfernen.<\/p>\n<h3>EU-Streitschlichtung<\/h3>\n<p>Die Europ\u00e4ische Kommission stellt eine Plattform zur Online-Streitbeilegung (OS) bereit: https:\/\/ec.europa.eu\/consumers\/odr\/.<br \/>Meine E-Mail-Adresse findet ihr oben im Impressum.<\/p>\n<h3>Verbraucher\u00adstreit\u00adbeilegung\/Universal\u00adschlichtungs\u00adstelle<\/h3>\n<p>Ich bin nicht bereit oder verpflichtet, an Streitbeilegungsverfahren vor einer Verbraucherschlichtungsstelle teilzunehmen.<\/p>\n<h3>Urheberrecht<\/h3>\n<p>Die durch die Seitenbetreiber erstellten Inhalte und Werke auf diesen Seiten unterliegen dem Urheberrecht. Die Vervielf\u00e4ltigung, Bearbeitung, Verbreitung und jede Art der Verwertung au\u00dferhalb der Grenzen des Urheberrechtes bed\u00fcrfen der schriftlichen Zustimmung des jeweiligen Autors bzw. Erstellers. Downloads und Kopien dieser Seite sind nur f\u00fcr den privaten, nicht kommerziellen Gebrauch gestattet.<\/p>\n<p>Soweit die Inhalte auf dieser Seite nicht vom Betreiber erstellt wurden, werden die Urheberrechte Dritter beachtet. Insbesondere werden Inhalte Dritter als solche gekennzeichnet. Solltet ihr trotzdem auf eine Urheberrechtsverletzung aufmerksam werden, bitte ich um einen entsprechenden Hinweis. Bei Bekanntwerden von Rechtsverletzungen werde ich derartige Inhalte umgehend entfernen.<\/p>\n<h3>Bildquellen<\/h3>\n<p>Fotos: Envato Elements<\/p>\n<p>[\/et_pb_text][\/et_pb_column][\/et_pb_row][\/et_pb_section][et_pb_section fb_built=&#8220;1&#8243; _builder_version=&#8220;4.27.4&#8243; _module_preset=&#8220;default&#8220; global_colors_info=&#8220;{}&#8220;][et_pb_row _builder_version=&#8220;4.27.4&#8243; _module_preset=&#8220;default&#8220; global_colors_info=&#8220;{}&#8220;][et_pb_column type=&#8220;4_4&#8243; _builder_version=&#8220;4.27.4&#8243; _module_preset=&#8220;default&#8220; global_colors_info=&#8220;{}&#8220;][et_pb_divider show_divider=&#8220;off&#8220; _builder_version=&#8220;4.27.4&#8243; _module_preset=&#8220;default&#8220; global_colors_info=&#8220;{}&#8220;][\/et_pb_divider][\/et_pb_column][\/et_pb_row][\/et_pb_section]<\/p>\n","protected":false},"excerpt":{"rendered":"<p>\u00a0 Impressum Herausgeberin Angelika Sch\u00f6nweger S\u00fcdtiroldesign der Angelika Sch\u00f6nwegerTr\u00f6gerstra\u00dfe 3\/BI &#8211; 39025 Naturns (BZ) Mobil &amp; Whatsapp(+39) 331 4455 766 Telefon(+39) 0473 476 666 E-Mailinfo@suedtiroldesign.comPECschoenweger@pec.it MwSt.Nr.\/Part.IVA: IT03052800210Steuernummer: SCHNLK74H68F132EEmpf\u00e4ngerkodex: T9K4ZHO &nbsp; Haftung f\u00fcr Inhalte Ich bin f\u00fcr eigene Inhalte auf diesen Seiten nach den allgemeinen Gesetzen verantwortlich, bin jedoch nicht verpflichtet, \u00fcbermittelte oder gespeicherte fremde Informationen [&hellip;]<\/p>\n","protected":false},"author":1,"featured_media":0,"parent":0,"menu_order":89,"comment_status":"closed","ping_status":"closed","template":"","meta":{"_et_pb_use_builder":"on","_et_pb_old_content":"","_et_gb_content_width":"","iawp_total_views":96,"footnotes":""},"class_list":["post-387760","page","type-page","status-publish","hentry"],"_links":{"self":[{"href":"https:\/\/suedtiroldesign.com\/it\/wp-json\/wp\/v2\/pages\/387760","targetHints":{"allow":["GET"]}}],"collection":[{"href":"https:\/\/suedtiroldesign.com\/it\/wp-json\/wp\/v2\/pages"}],"about":[{"href":"https:\/\/suedtiroldesign.com\/it\/wp-json\/wp\/v2\/types\/page"}],"author":[{"embeddable":true,"href":"https:\/\/suedtiroldesign.com\/it\/wp-json\/wp\/v2\/users\/1"}],"replies":[{"embeddable":true,"href":"https:\/\/suedtiroldesign.com\/it\/wp-json\/wp\/v2\/comments?post=387760"}],"version-history":[{"count":17,"href":"https:\/\/suedtiroldesign.com\/it\/wp-json\/wp\/v2\/pages\/387760\/revisions"}],"predecessor-version":[{"id":388108,"href":"https:\/\/suedtiroldesign.com\/it\/wp-json\/wp\/v2\/pages\/387760\/revisions\/388108"}],"wp:attachment":[{"href":"https:\/\/suedtiroldesign.com\/it\/wp-json\/wp\/v2\/media?parent=387760"}],"curies":[{"name":"wp","href":"https:\/\/api.w.org\/{rel}","templated":true}]}}